{"id":7,"date":"2026-03-14T16:18:21","date_gmt":"2026-03-14T15:18:21","guid":{"rendered":"https:\/\/www.florbaltrnava.sk\/turnaj\/?page_id=7"},"modified":"2026-03-14T16:18:21","modified_gmt":"2026-03-14T15:18:21","slug":"uvod","status":"publish","type":"page","link":"https:\/\/www.florbaltrnava.sk\/turnaj\/","title":{"rendered":"\u00davod"},"content":{"rendered":"<div class=\"tfc-nav-outer\"><nav class=\"tfc-nav\"><div class=\"tfc-nav-inner\"><a href=\"https:\/\/www.florbaltrnava.sk\/turnaj\/\" class=\"tfc-nav-logo-wrap\"><img decoding=\"async\" src=\"https:\/\/www.florbaltrnava.sk\/turnaj\/wp-content\/uploads\/2026\/04\/logo_farebne.png\" class=\"tfc-nav-logo\" alt=\"TFC 2026\"><\/a><button class=\"tfc-nav-burger\" aria-label=\"Menu\" onclick=\"this.closest('.tfc-nav').classList.toggle('open')\">\n        <span><\/span><span><\/span><span><\/span>\n    <\/button><div class=\"tfc-nav-links\"><a href=\"https:\/\/www.florbaltrnava.sk\/turnaj\/\" class=\"tfc-nav-link\">Home<\/a><a href=\"https:\/\/www.florbaltrnava.sk\/turnaj\/propozicie\/\" class=\"tfc-nav-link\">Propoz\u00edcie<\/a><a href=\"https:\/\/www.florbaltrnava.sk\/turnaj\/harmonogram\/\" class=\"tfc-nav-link\">Z\u00e1pasy<\/a><a href=\"https:\/\/www.florbaltrnava.sk\/turnaj\/tabulky\/\" class=\"tfc-nav-link\">Skupiny<\/a><a href=\"https:\/\/www.florbaltrnava.sk\/turnaj\/play-off\/\" class=\"tfc-nav-link\">Play-off<\/a><a href=\"https:\/\/www.florbaltrnava.sk\/turnaj\/partneri\/\" class=\"tfc-nav-link\">Partneri<\/a><\/div><\/div><\/nav><\/div>    <div class=\"tfc-uvod-wrap\">\n\n        <!-- \u2550\u2550 LOGO BANNER (samostatn\u00fd komponent) \u2550\u2550 -->\n                <div class=\"tfc-uvod-logo-banner\">\n            <img decoding=\"async\" src=\"https:\/\/www.florbaltrnava.sk\/turnaj\/wp-content\/uploads\/2026\/04\/logo_cropped.png\" class=\"tfc-uvod-main-logo\" alt=\"Trnava Floorball Cup 2026\">\n        <\/div>\n\n        <!-- \u2550\u2550 HERO (modr\u00fd blok so \u0161tatistikami + miestom) \u2550\u2550 -->\n        <div class=\"tfc-uvod-hero\">\n            <div class=\"tfc-uvod-net\"><\/div>\n            <div class=\"tfc-uvod-circle tfc-uvod-circle-1\"><\/div>\n            <div class=\"tfc-uvod-circle tfc-uvod-circle-2\"><\/div>\n            <div class=\"tfc-uvod-info-bar\">\n                <div class=\"tfc-uvod-info-bar-stats\">\n                    <div class=\"tfc-uvod-hstat\"><strong>10<\/strong><span>T\u00edmov<\/span><\/div>\n                    <div class=\"tfc-uvod-hstat-sep\"><\/div>\n                    <div class=\"tfc-uvod-hstat\"><strong>1.<\/strong><span>Ro\u010dn\u00edk<\/span><\/div>\n                    <div class=\"tfc-uvod-hstat-sep\"><\/div>\n                    <div class=\"tfc-uvod-hstat\"><strong>5<\/strong><span>Zaru\u010den\u00fdch z\u00e1pasov<\/span><\/div>\n                <\/div>\n                                <div class=\"tfc-uvod-hstat-sep tfc-uvod-hstat-sep-venue\"><\/div>\n                <div class=\"tfc-uvod-venue-inline\">\n                                        <div class=\"tfc-uvod-venue-row tfc-uvod-venue-date\">\n                        <svg width=\"15\" height=\"15\" viewBox=\"0 0 24 24\" fill=\"none\" stroke=\"currentColor\" stroke-width=\"2.2\"><rect x=\"3\" y=\"4\" width=\"18\" height=\"18\" rx=\"2\"\/><line x1=\"16\" y1=\"2\" x2=\"16\" y2=\"6\"\/><line x1=\"8\" y1=\"2\" x2=\"8\" y2=\"6\"\/><line x1=\"3\" y1=\"10\" x2=\"21\" y2=\"10\"\/><\/svg>\n                        6.6.2026 \u2013 7.6.2026                    <\/div>\n                                                            <div class=\"tfc-uvod-venue-row tfc-uvod-venue-place\">\n                        <svg width=\"15\" height=\"15\" viewBox=\"0 0 24 24\" fill=\"none\" stroke=\"currentColor\" stroke-width=\"2.2\"><path d=\"M21 10c0 7-9 13-9 13s-9-6-9-13a9 9 0 0 1 18 0z\"\/><circle cx=\"12\" cy=\"10\" r=\"3\"\/><\/svg>\n                        Mestsk\u00e1 \u0161portov\u00e1 hala, Rybn\u00edkov\u00e1 15, 917 01 Trnava                    <\/div>\n                                    <\/div>\n                            <\/div>\n        <\/div>\n\n        <!-- \u2550\u2550 T\u00cdMY \u2550\u2550 -->\n        <div class=\"tfc-uvod-teams-section\">\n            <h2 class=\"tfc-section-title\">\ud83d\udc65 Prihl\u00e1sen\u00e9 t\u00edmy<\/h2>\n            <div class=\"tfc-uvod-team-grid\">\n                                <a href=\"https:\/\/www.florbaltrnava.sk\/turnaj\/tabulky\/?tim=2\" class=\"tfc-uvod-team-card\" style=\"animation-delay:0s; text-decoration:none;\">\n                    <div class=\"tfc-uvod-team-logo-wrap\">\n                                                <img decoding=\"async\" src=\"https:\/\/www.1fbctrencin.sk\/img\/logo_new.png\" alt=\"1. FBC Tren\u010d\u00edn\" class=\"tfc-uvod-team-logo\">\n                                            <\/div>\n                    <div class=\"tfc-uvod-team-name\">1. FBC Tren\u010d\u00edn<\/div>\n                                    <\/a>\n                                <a href=\"https:\/\/www.florbaltrnava.sk\/turnaj\/tabulky\/?tim=14\" class=\"tfc-uvod-team-card\" style=\"animation-delay:0.04s; text-decoration:none;\">\n                    <div class=\"tfc-uvod-team-logo-wrap\">\n                                                <img decoding=\"async\" src=\"https:\/\/2535c0bc33.clvaw-cdnwnd.com\/bd9044feb86f3638c364b119a9f970a0\/200001328-daea5dbe46\/LOGO_v2018_COLOR_2nd.png\" alt=\"FBC Slovan Rimavsk\u00e1 Sobota\" class=\"tfc-uvod-team-logo\">\n                                            <\/div>\n                    <div class=\"tfc-uvod-team-name\">FBC Slovan Rimavsk\u00e1 Sobota<\/div>\n                                    <\/a>\n                                <a href=\"https:\/\/www.florbaltrnava.sk\/turnaj\/tabulky\/?tim=13\" class=\"tfc-uvod-team-card\" style=\"animation-delay:0.08s; text-decoration:none;\">\n                    <div class=\"tfc-uvod-team-logo-wrap\">\n                                                <img decoding=\"async\" src=\"https:\/\/334eb8c76d.clvaw-cdnwnd.com\/5465cfc0c742c1003d5a8c432ac4f422\/200000233-78b1978b1d\/Galanta%20united.webp?ph=334eb8c76d\" alt=\"FBK Galanta United\" class=\"tfc-uvod-team-logo\">\n                                            <\/div>\n                    <div class=\"tfc-uvod-team-name\">FBK Galanta United<\/div>\n                                    <\/a>\n                                <a href=\"https:\/\/www.florbaltrnava.sk\/turnaj\/tabulky\/?tim=1\" class=\"tfc-uvod-team-card\" style=\"animation-delay:0.12s; text-decoration:none;\">\n                    <div class=\"tfc-uvod-team-logo-wrap\">\n                                                <img decoding=\"async\" src=\"https:\/\/www.florbaltrnava.sk\/wp-content\/uploads\/2022\/09\/logo-final-png-1-1024x1024-1.png\" alt=\"Floorball Academy Trnava\" class=\"tfc-uvod-team-logo\">\n                                            <\/div>\n                    <div class=\"tfc-uvod-team-name\">Floorball Academy Trnava<\/div>\n                                    <\/a>\n                                <a href=\"https:\/\/www.florbaltrnava.sk\/turnaj\/tabulky\/?tim=3\" class=\"tfc-uvod-team-card\" style=\"animation-delay:0.16s; text-decoration:none;\">\n                    <div class=\"tfc-uvod-team-logo-wrap\">\n                                                <img decoding=\"async\" src=\"https:\/\/polarfoxes.eoscms.cz\/webimages\/club_logo_filename_20240927_144611.png\" alt=\"Polar Foxes Sere\u010f\" class=\"tfc-uvod-team-logo\">\n                                            <\/div>\n                    <div class=\"tfc-uvod-team-name\">Polar Foxes Sere\u010f<\/div>\n                                    <\/a>\n                                <a href=\"https:\/\/www.florbaltrnava.sk\/turnaj\/tabulky\/?tim=8\" class=\"tfc-uvod-team-card\" style=\"animation-delay:0.2s; text-decoration:none;\">\n                    <div class=\"tfc-uvod-team-logo-wrap\">\n                                                <img decoding=\"async\" src=\"https:\/\/dfanitra.sk\/wp-content\/uploads\/2025\/12\/dfa-logo-512.png#3848\" alt=\"\u0160K Sl\u00e1via SPU DFA Nitra\" class=\"tfc-uvod-team-logo\">\n                                            <\/div>\n                    <div class=\"tfc-uvod-team-name\">\u0160K Sl\u00e1via SPU DFA Nitra<\/div>\n                                    <\/a>\n                                <a href=\"https:\/\/www.florbaltrnava.sk\/turnaj\/tabulky\/?tim=15\" class=\"tfc-uvod-team-card\" style=\"animation-delay:0.24s; text-decoration:none;\">\n                    <div class=\"tfc-uvod-team-logo-wrap\">\n                                                <img decoding=\"async\" src=\"https:\/\/clen.florbaldca.sk\/admin\/inc\/img\/logo.png?v=1775643283667\" alt=\"\u0160K Victory Stars Dubnica nad V\u00e1hom\" class=\"tfc-uvod-team-logo\">\n                                            <\/div>\n                    <div class=\"tfc-uvod-team-name\">\u0160K Victory Stars Dubnica nad V\u00e1hom<\/div>\n                                    <\/a>\n                                <a href=\"https:\/\/www.florbaltrnava.sk\/turnaj\/tabulky\/?tim=16\" class=\"tfc-uvod-team-card\" style=\"animation-delay:0.28s; text-decoration:none;\">\n                    <div class=\"tfc-uvod-team-logo-wrap\">\n                                                <img decoding=\"async\" src=\"https:\/\/sniperssk.eoscms.cz\/webimages\/club_logo_filename_20240917_182307.png\" alt=\"Snipers \u0160amor\u00edn\" class=\"tfc-uvod-team-logo\">\n                                            <\/div>\n                    <div class=\"tfc-uvod-team-name\">Snipers \u0160amor\u00edn<\/div>\n                                    <\/a>\n                                <a href=\"https:\/\/www.florbaltrnava.sk\/turnaj\/tabulky\/?tim=4\" class=\"tfc-uvod-team-card\" style=\"animation-delay:0.32s; text-decoration:none;\">\n                    <div class=\"tfc-uvod-team-logo-wrap\">\n                                                <img decoding=\"async\" src=\"https:\/\/tsunamiflorbal.eoscms.cz\/webimages\/club_logo_filename_20250317_091759.png\" alt=\"Tsunami Z\u00e1horsk\u00e1 Bystrica\" class=\"tfc-uvod-team-logo\">\n                                            <\/div>\n                    <div class=\"tfc-uvod-team-name\">Tsunami Z\u00e1horsk\u00e1 Bystrica<\/div>\n                                    <\/a>\n                                <a href=\"https:\/\/www.florbaltrnava.sk\/turnaj\/tabulky\/?tim=12\" class=\"tfc-uvod-team-card\" style=\"animation-delay:0.36s; text-decoration:none;\">\n                    <div class=\"tfc-uvod-team-logo-wrap\">\n                                                <img decoding=\"async\" src=\"https:\/\/hurikan.org\/wp-content\/uploads\/2018\/09\/hb2991.png\" alt=\"V\u0160K FTV\u0160 UK Hurik\u00e1n Bratislava\" class=\"tfc-uvod-team-logo\">\n                                            <\/div>\n                    <div class=\"tfc-uvod-team-name\">V\u0160K FTV\u0160 UK Hurik\u00e1n Bratislava<\/div>\n                                    <\/a>\n                                            <\/div>\n        <\/div>\n\n        <!-- \u2550\u2550 PARTNERI \u2550\u2550 -->\n                <div class=\"tfc-uvod-partners-section\">\n            <h2 class=\"tfc-section-title\">\ud83e\udd1d Partneri<\/h2>\n            <div class=\"tfc-partneri-grid\">\n                                <div class=\"tfc-partner-card\">\n                                        <a href=\"https:\/\/www.trnava.sk\/\" target=\"_blank\" rel=\"noopener\" class=\"tfc-partner-link\">\n                                                                    <img decoding=\"async\" src=\"https:\/\/www.florbaltrnava.sk\/wp-content\/uploads\/2022\/11\/trnava_logo_farebne_pozitiv.jpg\" alt=\"Mesto Trnava\" class=\"tfc-partner-logo\">\n                                                <div class=\"tfc-partner-name\">Mesto Trnava<\/div>\n                    <\/a>                <\/div>\n                                <div class=\"tfc-partner-card\">\n                                        <a href=\"https:\/\/progres1990.sk\/\" target=\"_blank\" rel=\"noopener\" class=\"tfc-partner-link\">\n                                                                    <img decoding=\"async\" src=\"https:\/\/www.florbaltrnava.sk\/turnaj\/wp-content\/uploads\/2026\/04\/progres-logo-transparent-cropped-scaled.png\" alt=\"Progres Reklama\" class=\"tfc-partner-logo\">\n                                                <div class=\"tfc-partner-name\">Progres Reklama<\/div>\n                    <\/a>                <\/div>\n                            <\/div>\n        <\/div>\n        \n    <\/div>\n    \n","protected":false},"excerpt":{"rendered":"","protected":false},"author":1,"featured_media":0,"parent":0,"menu_order":0,"comment_status":"closed","ping_status":"closed","template":"","meta":{"footnotes":""},"class_list":["post-7","page","type-page","status-publish","hentry"],"_links":{"self":[{"href":"https:\/\/www.florbaltrnava.sk\/turnaj\/wp-json\/wp\/v2\/pages\/7","targetHints":{"allow":["GET"]}}],"collection":[{"href":"https:\/\/www.florbaltrnava.sk\/turnaj\/wp-json\/wp\/v2\/pages"}],"about":[{"href":"https:\/\/www.florbaltrnava.sk\/turnaj\/wp-json\/wp\/v2\/types\/page"}],"author":[{"embeddable":true,"href":"https:\/\/www.florbaltrnava.sk\/turnaj\/wp-json\/wp\/v2\/users\/1"}],"replies":[{"embeddable":true,"href":"https:\/\/www.florbaltrnava.sk\/turnaj\/wp-json\/wp\/v2\/comments?post=7"}],"version-history":[{"count":1,"href":"https:\/\/www.florbaltrnava.sk\/turnaj\/wp-json\/wp\/v2\/pages\/7\/revisions"}],"predecessor-version":[{"id":9,"href":"https:\/\/www.florbaltrnava.sk\/turnaj\/wp-json\/wp\/v2\/pages\/7\/revisions\/9"}],"wp:attachment":[{"href":"https:\/\/www.florbaltrnava.sk\/turnaj\/wp-json\/wp\/v2\/media?parent=7"}],"curies":[{"name":"wp","href":"https:\/\/api.w.org\/{rel}","templated":true}]}}