{"id":12,"date":"2026-03-14T16:22:41","date_gmt":"2026-03-14T15:22:41","guid":{"rendered":"https:\/\/www.florbaltrnava.sk\/turnaj\/?page_id=12"},"modified":"2026-03-14T16:22:41","modified_gmt":"2026-03-14T15:22:41","slug":"play-off","status":"publish","type":"page","link":"https:\/\/www.florbaltrnava.sk\/turnaj\/play-off\/","title":{"rendered":"Play-off"},"content":{"rendered":"<div class=\"tfc-nav-outer\"><nav class=\"tfc-nav\"><div class=\"tfc-nav-inner\"><a href=\"https:\/\/www.florbaltrnava.sk\/turnaj\/\" class=\"tfc-nav-logo-wrap\"><img decoding=\"async\" src=\"https:\/\/www.florbaltrnava.sk\/turnaj\/wp-content\/uploads\/2026\/04\/logo_farebne.png\" class=\"tfc-nav-logo\" alt=\"TFC 2026\"><\/a><button class=\"tfc-nav-burger\" aria-label=\"Menu\" onclick=\"this.closest('.tfc-nav').classList.toggle('open')\">\n        <span><\/span><span><\/span><span><\/span>\n    <\/button><div class=\"tfc-nav-links\"><a href=\"https:\/\/www.florbaltrnava.sk\/turnaj\/\" class=\"tfc-nav-link\">Home<\/a><a href=\"https:\/\/www.florbaltrnava.sk\/turnaj\/propozicie\/\" class=\"tfc-nav-link\">Propoz\u00edcie<\/a><a href=\"https:\/\/www.florbaltrnava.sk\/turnaj\/harmonogram\/\" class=\"tfc-nav-link\">Z\u00e1pasy<\/a><a href=\"https:\/\/www.florbaltrnava.sk\/turnaj\/tabulky\/\" class=\"tfc-nav-link\">Skupiny<\/a><a href=\"https:\/\/www.florbaltrnava.sk\/turnaj\/play-off\/\" class=\"tfc-nav-link\">Play-off<\/a><a href=\"https:\/\/www.florbaltrnava.sk\/turnaj\/partneri\/\" class=\"tfc-nav-link\">Partneri<\/a><\/div><\/div><\/nav><\/div>        <div class=\"tfc-wrap tfc-section\" id=\"tfc-playoff\">\n            <h2 class=\"tfc-section-title\">\ud83c\udfc5 Play-off pav\u00fak<\/h2>\n            <p class=\"tfc-empty\">Play-off za\u010dne po skon\u010den\u00ed z\u00e1kladn\u00fdch skup\u00edn.<\/p>\n        <\/div>\n    \n","protected":false},"excerpt":{"rendered":"","protected":false},"author":1,"featured_media":0,"parent":0,"menu_order":0,"comment_status":"closed","ping_status":"closed","template":"","meta":{"footnotes":""},"class_list":["post-12","page","type-page","status-publish","hentry"],"_links":{"self":[{"href":"https:\/\/www.florbaltrnava.sk\/turnaj\/wp-json\/wp\/v2\/pages\/12","targetHints":{"allow":["GET"]}}],"collection":[{"href":"https:\/\/www.florbaltrnava.sk\/turnaj\/wp-json\/wp\/v2\/pages"}],"about":[{"href":"https:\/\/www.florbaltrnava.sk\/turnaj\/wp-json\/wp\/v2\/types\/page"}],"author":[{"embeddable":true,"href":"https:\/\/www.florbaltrnava.sk\/turnaj\/wp-json\/wp\/v2\/users\/1"}],"replies":[{"embeddable":true,"href":"https:\/\/www.florbaltrnava.sk\/turnaj\/wp-json\/wp\/v2\/comments?post=12"}],"version-history":[{"count":1,"href":"https:\/\/www.florbaltrnava.sk\/turnaj\/wp-json\/wp\/v2\/pages\/12\/revisions"}],"predecessor-version":[{"id":13,"href":"https:\/\/www.florbaltrnava.sk\/turnaj\/wp-json\/wp\/v2\/pages\/12\/revisions\/13"}],"wp:attachment":[{"href":"https:\/\/www.florbaltrnava.sk\/turnaj\/wp-json\/wp\/v2\/media?parent=12"}],"curies":[{"name":"wp","href":"https:\/\/api.w.org\/{rel}","templated":true}]}}